{"id":225,"date":"2019-01-15T11:22:53","date_gmt":"2019-01-15T11:22:53","guid":{"rendered":"http:\/\/cartasvivas.org\/remitente\/"},"modified":"2020-03-05T12:48:31","modified_gmt":"2020-03-05T12:48:31","slug":"remitente","status":"publish","type":"page","link":"https:\/\/cartasvivas.org\/en\/remitente\/","title":{"rendered":"Remitente"},"content":{"rendered":"\t\t<div data-elementor-type=\"wp-post\" data-elementor-id=\"225\" class=\"elementor elementor-225\">\n\t\t\t\t\t\t<section class=\"elementor-section elementor-top-section elementor-element elementor-element-2406310 elementor-section-full_width elementor-section-height-default elementor-section-height-default\" data-id=\"2406310\" data-element_type=\"section\">\n\t\t\t\t\t\t<div class=\"elementor-container elementor-column-gap-default\">\n\t\t\t\t\t<div class=\"elementor-column elementor-col-100 elementor-top-column elementor-element elementor-element-6f8b73f\" data-id=\"6f8b73f\" data-element_type=\"column\">\n\t\t\t<div class=\"elementor-widget-wrap elementor-element-populated\">\n\t\t\t\t\t\t<section class=\"elementor-section elementor-inner-section elementor-element elementor-element-618b935 elementor-section-full_width elementor-section-height-default elementor-section-height-default\" data-id=\"618b935\" data-element_type=\"section\">\n\t\t\t\t\t\t<div class=\"elementor-container elementor-column-gap-default\">\n\t\t\t\t\t<div class=\"elementor-column elementor-col-66 elementor-inner-column elementor-element elementor-element-aa42a21\" data-id=\"aa42a21\" data-element_type=\"column\">\n\t\t\t<div class=\"elementor-widget-wrap elementor-element-populated\">\n\t\t\t\t\t\t<div class=\"elementor-element elementor-element-35340b5 elementor-widget elementor-widget-text-editor\" data-id=\"35340b5\" data-element_type=\"widget\" data-widget_type=\"text-editor.default\">\n\t\t\t\t<div class=\"elementor-widget-container\">\n\t\t\t\t\t\t\t\t\t<p class=\"p1\"><span class=\"s1\">Por nuestra parte\u2026\u00a0<\/span><span class=\"s1\">Queremos mostrarte la historia de la mujer y el feminismo en\u00a0Espa\u00f1a hablada en\u00a0voces y vivencias\u00a0del pasado. Esc\u00fachalas en las\u00a0<i>cartasvivas<\/i>. Te llegan como mensajes de\u00a0mujeres\u00a0fascinantes en el di\u00e1logo con su \u00e9poca y con la nuestra. Nos interpelan.\u00a0\u00a1Qu\u00e9 dif\u00edcil ser precursora! Cuando las mujeres que lo fueron hablan de frente y mirando a los ojos, remiten una\u00a0<i>cartaviva<\/i>: un destello de memoria que nos hace pensar.\u00a0Las\u00a0<i>cartasvivas<\/i>\u00a0no son nuevas: ya est\u00e1n escritas. Escondidas en el armario del pasado,\u00a0de all\u00ed van saliendo, con nueva forma y nuevo\u00a0aliento. Es preciso escuchar, ver y sentir nuestra memoria viva. Te habla en las\u00a0<i>cartasvivas<\/i>. Siempre tuyas. Son tu memoria. Pi\u00e9nsala.\u00a0<\/span><span class=\"s2\">Vuelve a vernos. Estaremos remitiendo\u00a0<i>cartasvivas<\/i>\u00a0desde aqu\u00ed.<\/span><\/p><p class=\"p1\">Siempre tuya, la cartaviva es siempre tuya\u2026<\/p>\t\t\t\t\t\t\t\t<\/div>\n\t\t\t\t<\/div>\n\t\t\t\t\t<\/div>\n\t\t<\/div>\n\t\t\t\t<div class=\"elementor-column elementor-col-33 elementor-inner-column elementor-element elementor-element-32dc89f\" data-id=\"32dc89f\" data-element_type=\"column\">\n\t\t\t<div class=\"elementor-widget-wrap elementor-element-populated\">\n\t\t\t\t\t\t<div class=\"elementor-element elementor-element-d3f165a cb-guio elementor-widget elementor-widget-text-editor\" data-id=\"d3f165a\" data-element_type=\"widget\" data-widget_type=\"text-editor.default\">\n\t\t\t\t<div class=\"elementor-widget-container\">\n\t\t\t\t\t\t\t\t\t<p class=\"p1\"><span class=\"s1\">Una cartaviva es una\u00a0<\/span><span class=\"s2\">c\u00e1psula de historia feminista.\u00a0T\u00f3matela.\u00a0<br \/>Escucha, piensa.\u00a0\u00a0Abre la ventana de\u00a0la memoria y qu\u00e9date\u00a0por aqu\u00ed.<\/span><\/p>\t\t\t\t\t\t\t\t<\/div>\n\t\t\t\t<\/div>\n\t\t\t\t\t<\/div>\n\t\t<\/div>\n\t\t\t\t\t<\/div>\n\t\t<\/section>\n\t\t\t\t<div class=\"elementor-element elementor-element-d0d8c8c elementor-widget-divider--view-line elementor-widget elementor-widget-divider\" data-id=\"d0d8c8c\" data-element_type=\"widget\" data-widget_type=\"divider.default\">\n\t\t\t\t<div class=\"elementor-widget-container\">\n\t\t\t\t\t\t\t<div class=\"elementor-divider\">\n\t\t\t<span class=\"elementor-divider-separator\">\n\t\t\t\t\t\t<\/span>\n\t\t<\/div>\n\t\t\t\t\t\t<\/div>\n\t\t\t\t<\/div>\n\t\t\t\t<div class=\"elementor-element elementor-element-b600efd elementor-hidden-tablet elementor-hidden-phone elementor-widget elementor-widget-spacer\" data-id=\"b600efd\" data-element_type=\"widget\" data-widget_type=\"spacer.default\">\n\t\t\t\t<div class=\"elementor-widget-container\">\n\t\t\t\t\t\t\t<div class=\"elementor-spacer\">\n\t\t\t<div class=\"elementor-spacer-inner\"><\/div>\n\t\t<\/div>\n\t\t\t\t\t\t<\/div>\n\t\t\t\t<\/div>\n\t\t\t\t<section class=\"elementor-section elementor-inner-section elementor-element elementor-element-f830847 elementor-section-full_width elementor-section-height-default elementor-section-height-default\" data-id=\"f830847\" data-element_type=\"section\">\n\t\t\t\t\t\t<div class=\"elementor-container elementor-column-gap-default\">\n\t\t\t\t\t<div class=\"elementor-column elementor-col-33 elementor-inner-column elementor-element elementor-element-f487c5b\" data-id=\"f487c5b\" data-element_type=\"column\">\n\t\t\t<div class=\"elementor-widget-wrap elementor-element-populated\">\n\t\t\t\t\t\t<div class=\"elementor-element elementor-element-b2e329b titol01 cb-guio elementor-widget elementor-widget-heading\" data-id=\"b2e329b\" data-element_type=\"widget\" data-widget_type=\"heading.default\">\n\t\t\t\t<div class=\"elementor-widget-container\">\n\t\t\t\t\t<h2 class=\"elementor-heading-title elementor-size-default\">Un proyecto de...<\/h2>\t\t\t\t<\/div>\n\t\t\t\t<\/div>\n\t\t\t\t<div class=\"elementor-element elementor-element-f4a170a elementor-widget elementor-widget-text-editor\" data-id=\"f4a170a\" data-element_type=\"widget\" data-widget_type=\"text-editor.default\">\n\t\t\t\t<div class=\"elementor-widget-container\">\n\t\t\t\t\t\t\t\t\t<p>Lorem ipsum dolor sit amet, consectetur adipiscing elit. Ut elit tellus, luctus nec ullamcorper mattis, pulvinar dapibus leo.<\/p>\t\t\t\t\t\t\t\t<\/div>\n\t\t\t\t<\/div>\n\t\t\t\t<div class=\"elementor-element elementor-element-9659a22 elementor-widget elementor-widget-spacer\" data-id=\"9659a22\" data-element_type=\"widget\" data-widget_type=\"spacer.default\">\n\t\t\t\t<div class=\"elementor-widget-container\">\n\t\t\t\t\t\t\t<div class=\"elementor-spacer\">\n\t\t\t<div class=\"elementor-spacer-inner\"><\/div>\n\t\t<\/div>\n\t\t\t\t\t\t<\/div>\n\t\t\t\t<\/div>\n\t\t\t\t\t<\/div>\n\t\t<\/div>\n\t\t\t\t<div class=\"elementor-column elementor-col-33 elementor-inner-column elementor-element elementor-element-1723233\" data-id=\"1723233\" data-element_type=\"column\">\n\t\t\t<div class=\"elementor-widget-wrap elementor-element-populated\">\n\t\t\t\t\t\t<div class=\"elementor-element elementor-element-6d96a85 titol01 cb-guio elementor-widget elementor-widget-heading\" data-id=\"6d96a85\" data-element_type=\"widget\" data-widget_type=\"heading.default\">\n\t\t\t\t<div class=\"elementor-widget-container\">\n\t\t\t\t\t<h2 class=\"elementor-heading-title elementor-size-default\">Cr\u00e9ditos<\/h2>\t\t\t\t<\/div>\n\t\t\t\t<\/div>\n\t\t\t\t<div class=\"elementor-element elementor-element-c230e6b elementor-widget elementor-widget-text-editor\" data-id=\"c230e6b\" data-element_type=\"widget\" data-widget_type=\"text-editor.default\">\n\t\t\t\t<div class=\"elementor-widget-container\">\n\t\t\t\t\t\t\t\t\t<p>Lorem ipsum dolor sit amet, consectetur adipiscing elit. Ut elit tellus, luctus nec ullamcorper mattis, pulvinar dapibus leo.<\/p>\t\t\t\t\t\t\t\t<\/div>\n\t\t\t\t<\/div>\n\t\t\t\t\t<\/div>\n\t\t<\/div>\n\t\t\t\t<div class=\"elementor-column elementor-col-33 elementor-inner-column elementor-element elementor-element-7c23e8e\" data-id=\"7c23e8e\" data-element_type=\"column\">\n\t\t\t<div class=\"elementor-widget-wrap elementor-element-populated\">\n\t\t\t\t\t\t<div class=\"elementor-element elementor-element-9d00da2 elementor-hidden-tablet elementor-hidden-phone elementor-widget elementor-widget-spacer\" data-id=\"9d00da2\" data-element_type=\"widget\" data-widget_type=\"spacer.default\">\n\t\t\t\t<div class=\"elementor-widget-container\">\n\t\t\t\t\t\t\t<div class=\"elementor-spacer\">\n\t\t\t<div class=\"elementor-spacer-inner\"><\/div>\n\t\t<\/div>\n\t\t\t\t\t\t<\/div>\n\t\t\t\t<\/div>\n\t\t\t\t<div class=\"elementor-element elementor-element-4d93e5c elementor-widget elementor-widget-text-editor\" data-id=\"4d93e5c\" data-element_type=\"widget\" data-widget_type=\"text-editor.default\">\n\t\t\t\t<div class=\"elementor-widget-container\">\n\t\t\t\t\t\t\t\t\t<p>Lorem ipsum dolor sit amet, consectetur adipiscing elit. Ut elit tellus, luctus nec ullamcorper mattis, pulvinar dapibus leo.<\/p>\t\t\t\t\t\t\t\t<\/div>\n\t\t\t\t<\/div>\n\t\t\t\t\t<\/div>\n\t\t<\/div>\n\t\t\t\t\t<\/div>\n\t\t<\/section>\n\t\t\t\t<div class=\"elementor-element elementor-element-3ea2918 elementor-widget elementor-widget-spacer\" data-id=\"3ea2918\" data-element_type=\"widget\" data-widget_type=\"spacer.default\">\n\t\t\t\t<div class=\"elementor-widget-container\">\n\t\t\t\t\t\t\t<div class=\"elementor-spacer\">\n\t\t\t<div class=\"elementor-spacer-inner\"><\/div>\n\t\t<\/div>\n\t\t\t\t\t\t<\/div>\n\t\t\t\t<\/div>\n\t\t\t\t<div class=\"elementor-element elementor-element-64164d6 elementor-widget-divider--view-line elementor-widget elementor-widget-divider\" data-id=\"64164d6\" data-element_type=\"widget\" data-widget_type=\"divider.default\">\n\t\t\t\t<div class=\"elementor-widget-container\">\n\t\t\t\t\t\t\t<div class=\"elementor-divider\">\n\t\t\t<span class=\"elementor-divider-separator\">\n\t\t\t\t\t\t<\/span>\n\t\t<\/div>\n\t\t\t\t\t\t<\/div>\n\t\t\t\t<\/div>\n\t\t\t\t\t<\/div>\n\t\t<\/div>\n\t\t\t\t\t<\/div>\n\t\t<\/section>\n\t\t\t\t<\/div>\n\t\t","protected":false},"excerpt":{"rendered":"<p>Por nuestra parte\u2026&nbsp;Queremos mostrarte la historia de la mujer y el feminismo en&nbsp;Espa\u00f1a hablada en&nbsp;voces y vivencias&nbsp;del pasado. Esc\u00fachalas en las&nbsp;cartasvivas. Te llegan como mensajes de&nbsp;mujeres&nbsp;fascinantes en el di\u00e1logo con su \u00e9poca y con la nuestra. Nos interpelan.&nbsp;\u00a1Qu\u00e9 dif\u00edcil ser precursora! Cuando las mujeres que lo fueron hablan de frente y mirando a los ojos, [&hellip;]<\/p>\n","protected":false},"author":1,"featured_media":0,"parent":0,"menu_order":0,"comment_status":"closed","ping_status":"closed","template":"fullwidth.php","meta":{"_acf_changed":false,"footnotes":""},"class_list":["post-225","page","type-page","status-publish","hentry"],"acf":[],"yoast_head":"<!-- This site is optimized with the Yoast SEO plugin v27.5 - https:\/\/yoast.com\/product\/yoast-seo-wordpress\/ -->\n<title>Remitente - Cartasvivas<\/title>\n<meta name=\"robots\" content=\"index, follow, max-snippet:-1, max-image-preview:large, max-video-preview:-1\" \/>\n<link rel=\"canonical\" href=\"https:\/\/cartasvivas.org\/en\/remitente\/\" \/>\n<meta property=\"og:locale\" content=\"en_US\" \/>\n<meta property=\"og:type\" content=\"article\" \/>\n<meta property=\"og:title\" content=\"Remitente - Cartasvivas\" \/>\n<meta property=\"og:description\" content=\"Por nuestra parte\u2026&nbsp;Queremos mostrarte la historia de la mujer y el feminismo en&nbsp;Espa\u00f1a hablada en&nbsp;voces y vivencias&nbsp;del pasado. Esc\u00fachalas en las&nbsp;cartasvivas. Te llegan como mensajes de&nbsp;mujeres&nbsp;fascinantes en el di\u00e1logo con su \u00e9poca y con la nuestra. Nos interpelan.&nbsp;\u00a1Qu\u00e9 dif\u00edcil ser precursora! Cuando las mujeres que lo fueron hablan de frente y mirando a los ojos, [&hellip;]\" \/>\n<meta property=\"og:url\" content=\"https:\/\/cartasvivas.org\/en\/remitente\/\" \/>\n<meta property=\"og:site_name\" content=\"Cartasvivas\" \/>\n<meta property=\"article:modified_time\" content=\"2020-03-05T12:48:31+00:00\" \/>\n<meta name=\"twitter:card\" content=\"summary_large_image\" \/>\n<meta name=\"twitter:label1\" content=\"Est. reading time\" \/>\n\t<meta name=\"twitter:data1\" content=\"1 minute\" \/>\n<script type=\"application\/ld+json\" class=\"yoast-schema-graph\">{\"@context\":\"https:\\\/\\\/schema.org\",\"@graph\":[{\"@type\":\"WebPage\",\"@id\":\"https:\\\/\\\/cartasvivas.org\\\/en\\\/remitente\\\/\",\"url\":\"https:\\\/\\\/cartasvivas.org\\\/en\\\/remitente\\\/\",\"name\":\"Remitente - Cartasvivas\",\"isPartOf\":{\"@id\":\"https:\\\/\\\/cartasvivas.org\\\/en\\\/#website\"},\"datePublished\":\"2019-01-15T11:22:53+00:00\",\"dateModified\":\"2020-03-05T12:48:31+00:00\",\"breadcrumb\":{\"@id\":\"https:\\\/\\\/cartasvivas.org\\\/en\\\/remitente\\\/#breadcrumb\"},\"inLanguage\":\"en-US\",\"potentialAction\":[{\"@type\":\"ReadAction\",\"target\":[\"https:\\\/\\\/cartasvivas.org\\\/en\\\/remitente\\\/\"]}]},{\"@type\":\"BreadcrumbList\",\"@id\":\"https:\\\/\\\/cartasvivas.org\\\/en\\\/remitente\\\/#breadcrumb\",\"itemListElement\":[{\"@type\":\"ListItem\",\"position\":1,\"name\":\"Portada\",\"item\":\"https:\\\/\\\/cartasvivas.org\\\/en\\\/\"},{\"@type\":\"ListItem\",\"position\":2,\"name\":\"Remitente\"}]},{\"@type\":\"WebSite\",\"@id\":\"https:\\\/\\\/cartasvivas.org\\\/en\\\/#website\",\"url\":\"https:\\\/\\\/cartasvivas.org\\\/en\\\/\",\"name\":\"Cartasvivas\",\"description\":\"Testimonios de mujer y vanguardia: Bibliotecaudiovisual\",\"potentialAction\":[{\"@type\":\"SearchAction\",\"target\":{\"@type\":\"EntryPoint\",\"urlTemplate\":\"https:\\\/\\\/cartasvivas.org\\\/en\\\/?s={search_term_string}\"},\"query-input\":{\"@type\":\"PropertyValueSpecification\",\"valueRequired\":true,\"valueName\":\"search_term_string\"}}],\"inLanguage\":\"en-US\"}]}<\/script>\n<!-- \/ Yoast SEO plugin. -->","yoast_head_json":{"title":"Remitente - Cartasvivas","robots":{"index":"index","follow":"follow","max-snippet":"max-snippet:-1","max-image-preview":"max-image-preview:large","max-video-preview":"max-video-preview:-1"},"canonical":"https:\/\/cartasvivas.org\/en\/remitente\/","og_locale":"en_US","og_type":"article","og_title":"Remitente - Cartasvivas","og_description":"Por nuestra parte\u2026&nbsp;Queremos mostrarte la historia de la mujer y el feminismo en&nbsp;Espa\u00f1a hablada en&nbsp;voces y vivencias&nbsp;del pasado. Esc\u00fachalas en las&nbsp;cartasvivas. Te llegan como mensajes de&nbsp;mujeres&nbsp;fascinantes en el di\u00e1logo con su \u00e9poca y con la nuestra. Nos interpelan.&nbsp;\u00a1Qu\u00e9 dif\u00edcil ser precursora! Cuando las mujeres que lo fueron hablan de frente y mirando a los ojos, [&hellip;]","og_url":"https:\/\/cartasvivas.org\/en\/remitente\/","og_site_name":"Cartasvivas","article_modified_time":"2020-03-05T12:48:31+00:00","twitter_card":"summary_large_image","twitter_misc":{"Est. reading time":"1 minute"},"schema":{"@context":"https:\/\/schema.org","@graph":[{"@type":"WebPage","@id":"https:\/\/cartasvivas.org\/en\/remitente\/","url":"https:\/\/cartasvivas.org\/en\/remitente\/","name":"Remitente - Cartasvivas","isPartOf":{"@id":"https:\/\/cartasvivas.org\/en\/#website"},"datePublished":"2019-01-15T11:22:53+00:00","dateModified":"2020-03-05T12:48:31+00:00","breadcrumb":{"@id":"https:\/\/cartasvivas.org\/en\/remitente\/#breadcrumb"},"inLanguage":"en-US","potentialAction":[{"@type":"ReadAction","target":["https:\/\/cartasvivas.org\/en\/remitente\/"]}]},{"@type":"BreadcrumbList","@id":"https:\/\/cartasvivas.org\/en\/remitente\/#breadcrumb","itemListElement":[{"@type":"ListItem","position":1,"name":"Portada","item":"https:\/\/cartasvivas.org\/en\/"},{"@type":"ListItem","position":2,"name":"Remitente"}]},{"@type":"WebSite","@id":"https:\/\/cartasvivas.org\/en\/#website","url":"https:\/\/cartasvivas.org\/en\/","name":"Cartasvivas","description":"Testimonios de mujer y vanguardia: Bibliotecaudiovisual","potentialAction":[{"@type":"SearchAction","target":{"@type":"EntryPoint","urlTemplate":"https:\/\/cartasvivas.org\/en\/?s={search_term_string}"},"query-input":{"@type":"PropertyValueSpecification","valueRequired":true,"valueName":"search_term_string"}}],"inLanguage":"en-US"}]}},"_links":{"self":[{"href":"https:\/\/cartasvivas.org\/en\/wp-json\/wp\/v2\/pages\/225","targetHints":{"allow":["GET"]}}],"collection":[{"href":"https:\/\/cartasvivas.org\/en\/wp-json\/wp\/v2\/pages"}],"about":[{"href":"https:\/\/cartasvivas.org\/en\/wp-json\/wp\/v2\/types\/page"}],"author":[{"embeddable":true,"href":"https:\/\/cartasvivas.org\/en\/wp-json\/wp\/v2\/users\/1"}],"replies":[{"embeddable":true,"href":"https:\/\/cartasvivas.org\/en\/wp-json\/wp\/v2\/comments?post=225"}],"version-history":[{"count":1,"href":"https:\/\/cartasvivas.org\/en\/wp-json\/wp\/v2\/pages\/225\/revisions"}],"predecessor-version":[{"id":227,"href":"https:\/\/cartasvivas.org\/en\/wp-json\/wp\/v2\/pages\/225\/revisions\/227"}],"wp:attachment":[{"href":"https:\/\/cartasvivas.org\/en\/wp-json\/wp\/v2\/media?parent=225"}],"curies":[{"name":"wp","href":"https:\/\/api.w.org\/{rel}","templated":true}]}}